{"id":7,"date":"2014-10-23T12:08:06","date_gmt":"2014-10-23T12:08:06","guid":{"rendered":"http:\/\/themes.muffingroup.com\/be\/loans\/?page_id=2"},"modified":"2024-09-19T20:40:56","modified_gmt":"2024-09-19T20:40:56","slug":"sample-page","status":"publish","type":"page","link":"https:\/\/dermaestetica.com.co\/curso-medicinaestetica\/","title":{"rendered":"Home"},"content":{"rendered":"","protected":false},"excerpt":{"rendered":"<p>Nuestro curso te ofrece la oportunidad de aprender de un equipo docente de primer nivel, expertos en medicina biorreguladora, biodescodificaci\u00f3n y kinesiotaping. Desarrollado para m\u00e9dicos que buscan integrar enfoques avanzados, este curso es una combinaci\u00f3n \u00fanica de teor\u00eda y pr\u00e1ctica que abarca sueroterapia, biodescodificaci\u00f3n y vitamina C intravenosa, todo bajo una perspectiva innovadora.<\/p>\n","protected":false},"author":1,"featured_media":197,"parent":0,"menu_order":0,"comment_status":"open","ping_status":"open","template":"template-blank.php","meta":{"footnotes":""},"class_list":["post-7","page","type-page","status-publish","has-post-thumbnail","hentry"],"_links":{"self":[{"href":"https:\/\/dermaestetica.com.co\/curso-medicinaestetica\/wp-json\/wp\/v2\/pages\/7"}],"collection":[{"href":"https:\/\/dermaestetica.com.co\/curso-medicinaestetica\/wp-json\/wp\/v2\/pages"}],"about":[{"href":"https:\/\/dermaestetica.com.co\/curso-medicinaestetica\/wp-json\/wp\/v2\/types\/page"}],"author":[{"embeddable":true,"href":"https:\/\/dermaestetica.com.co\/curso-medicinaestetica\/wp-json\/wp\/v2\/users\/1"}],"replies":[{"embeddable":true,"href":"https:\/\/dermaestetica.com.co\/curso-medicinaestetica\/wp-json\/wp\/v2\/comments?post=7"}],"version-history":[{"count":2,"href":"https:\/\/dermaestetica.com.co\/curso-medicinaestetica\/wp-json\/wp\/v2\/pages\/7\/revisions"}],"predecessor-version":[{"id":203,"href":"https:\/\/dermaestetica.com.co\/curso-medicinaestetica\/wp-json\/wp\/v2\/pages\/7\/revisions\/203"}],"wp:featuredmedia":[{"embeddable":true,"href":"https:\/\/dermaestetica.com.co\/curso-medicinaestetica\/wp-json\/wp\/v2\/media\/197"}],"wp:attachment":[{"href":"https:\/\/dermaestetica.com.co\/curso-medicinaestetica\/wp-json\/wp\/v2\/media?parent=7"}],"curies":[{"name":"wp","href":"https:\/\/api.w.org\/{rel}","templated":true}]}}